{"id":11,"date":"2016-10-18T22:00:22","date_gmt":"2016-10-18T20:00:22","guid":{"rendered":"http:\/\/choralineskorholen.org\/?page_id=11"},"modified":"2022-11-24T12:01:53","modified_gmt":"2022-11-24T11:01:53","slug":"qui-sommes-nous","status":"publish","type":"page","link":"https:\/\/choralineskorholen.org\/index.php\/qui-sommes-nous\/","title":{"rendered":"Qui sommes-nous ?"},"content":{"rendered":"<p><img loading=\"lazy\" decoding=\"async\" class=\"alignright size-full wp-image-289\" src=\"http:\/\/choralineskorholen.org\/wp-content\/uploads\/2016\/11\/logo.gif\" alt=\"logo\" width=\"208\" height=\"150\" \/><\/p>\n<p>Les Choralines-Korholen (le c\u0153ur de sel en breton) groupe mixte de chant choral polyphonique de la presqu\u2019\u00eele gu\u00e9randaise a f\u00eat\u00e9 en 2018 ses 30 ans d\u2019existence, et il se porte bien, fort de ses quelque 40 choristes.<\/p>\n<p>Notre chef de ch\u0153ur, Christophe Vincent, dipl\u00f4m\u00e9 du conservatoire national de Nantes, nous fait progresser d\u2019ann\u00e9e en ann\u00e9e dans la joie et la bonne humeur.<\/p>\n<hr width=\"70%\" \/>\n<p style=\"text-align: left;\"><em>La particularit\u00e9 de notre r\u00e9pertoire est qu&rsquo;il est \u00e9quilibr\u00e9 et <strong>vari\u00e9<\/strong>, entre chants bretons, fran\u00e7ais et \u00e9trangers. Il se singularise par la d\u00e9couverte et la promotion de chants traditionnels et contemporains de la Bretagne, mais \u00e9galement du patrimoine profane et religieux.<\/em><\/p>\n<p><img loading=\"lazy\" decoding=\"async\" class=\"size-full wp-image-941 aligncenter\" src=\"http:\/\/choralineskorholen.org\/wp-content\/uploads\/2017\/07\/170722_marais.jpg\" alt=\"\" width=\"660\" height=\"448\" \/><\/p>\n<p><a href=\"http:\/\/choralineskorholen.org\/index.php\/pour-les-choristes\/comite-dadministration\/\">Pour conna\u00eetre les membres composant le bureau des Choralines-Korholen, c&rsquo;est ici.<\/a><\/p>\n<p><a href=\"http:\/\/choralineskorholen.org\/index.php\/nous-contacter\/\">Pour prendre contact avec les Choralines-Korholen,, c&rsquo;est l\u00e0.<\/a><\/p>\n<div style=\"padding-bottom:20px; padding-top:10px;\" class=\"hupso-share-buttons\"><!-- Hupso Share Buttons - https:\/\/www.hupso.com\/share\/ --><a class=\"hupso_toolbar\" href=\"https:\/\/www.hupso.com\/share\/\"><img decoding=\"async\" src=\"https:\/\/static.hupso.com\/share\/buttons\/lang\/fr\/share-small.png\" style=\"border:0px; padding-top: 5px; float:left;\" alt=\"Share Button\"\/><\/a><script type=\"text\/javascript\">var hupso_services_t=new Array(\"Twitter\",\"Facebook\",\"Google Plus\");var hupso_title_t=\"Partager\";var hupso_background_t=\"#EAF4FF\";var hupso_border_t=\"#66CCFF\";var hupso_toolbar_size_t=\"small\";var hupso_image_folder_url = \"\";var hupso_url_t=\"\";var hupso_title_t=\"Partager\";<\/script><script type=\"text\/javascript\" src=\"https:\/\/static.hupso.com\/share\/js\/share_toolbar.js\"><\/script><!-- Hupso Share Buttons --><\/div>","protected":false},"excerpt":{"rendered":"<p>Les Choralines-Korholen (le c\u0153ur de sel en breton) groupe mixte de chant choral polyphonique de la presqu\u2019\u00eele gu\u00e9randaise a f\u00eat\u00e9 en 2018 ses 30 ans d\u2019existence, et il se porte bien, fort de ses quelque 40 choristes. Notre chef de&hellip; <\/p>\n<div style=\"padding-bottom:20px; padding-top:10px;\" class=\"hupso-share-buttons\"><!-- Hupso Share Buttons - https:\/\/www.hupso.com\/share\/ --><a class=\"hupso_toolbar\" href=\"https:\/\/www.hupso.com\/share\/\"><img src=\"https:\/\/static.hupso.com\/share\/buttons\/lang\/fr\/share-small.png\" style=\"border:0px; padding-top: 5px; float:left;\" alt=\"Share Button\"\/><\/a><script type=\"text\/javascript\">var hupso_services_t=new Array(\"Twitter\",\"Facebook\",\"Google Plus\");var hupso_title_t=\"Partager\";var hupso_background_t=\"#EAF4FF\";var hupso_border_t=\"#66CCFF\";var hupso_toolbar_size_t=\"small\";var hupso_image_folder_url = \"\";var hupso_url_t=\"\";var hupso_title_t=\"Partager\";<\/script><script type=\"text\/javascript\" src=\"https:\/\/static.hupso.com\/share\/js\/share_toolbar.js\"><\/script><!-- Hupso Share Buttons --><\/div>","protected":false},"author":1,"featured_media":0,"parent":0,"menu_order":0,"comment_status":"closed","ping_status":"closed","template":"","meta":{"footnotes":""},"class_list":["post-11","page","type-page","status-publish","hentry"],"publishpress_future_action":{"enabled":false,"date":"2026-04-22 01:52:39","action":"change-status","newStatus":"draft","terms":[],"taxonomy":""},"publishpress_future_workflow_manual_trigger":{"enabledWorkflows":[]},"_links":{"self":[{"href":"https:\/\/choralineskorholen.org\/index.php\/wp-json\/wp\/v2\/pages\/11","targetHints":{"allow":["GET"]}}],"collection":[{"href":"https:\/\/choralineskorholen.org\/index.php\/wp-json\/wp\/v2\/pages"}],"about":[{"href":"https:\/\/choralineskorholen.org\/index.php\/wp-json\/wp\/v2\/types\/page"}],"author":[{"embeddable":true,"href":"https:\/\/choralineskorholen.org\/index.php\/wp-json\/wp\/v2\/users\/1"}],"replies":[{"embeddable":true,"href":"https:\/\/choralineskorholen.org\/index.php\/wp-json\/wp\/v2\/comments?post=11"}],"version-history":[{"count":0,"href":"https:\/\/choralineskorholen.org\/index.php\/wp-json\/wp\/v2\/pages\/11\/revisions"}],"wp:attachment":[{"href":"https:\/\/choralineskorholen.org\/index.php\/wp-json\/wp\/v2\/media?parent=11"}],"curies":[{"name":"wp","href":"https:\/\/api.w.org\/{rel}","templated":true}]}}