{"id":14,"date":"2016-10-18T22:49:28","date_gmt":"2016-10-18T20:49:28","guid":{"rendered":"http:\/\/choralineskorholen.org\/?page_id=14"},"modified":"2024-01-26T11:15:05","modified_gmt":"2024-01-26T10:15:05","slug":"notre-repertoire","status":"publish","type":"page","link":"https:\/\/choralineskorholen.org\/index.php\/notre-repertoire\/","title":{"rendered":"Notre r\u00e9pertoire"},"content":{"rendered":"<p><img loading=\"lazy\" decoding=\"async\" class=\"alignright size-full wp-image-344\" src=\"http:\/\/choralineskorholen.org\/wp-content\/uploads\/2016\/10\/logo_fixe.gif\" alt=\"logo_fixe\" width=\"208\" height=\"150\" \/><\/p>\n<p style=\"text-align: left;\"><em>La particularit\u00e9 de notre r\u00e9pertoire est qu&rsquo;il est \u00e9quilibr\u00e9 et <strong>vari\u00e9<\/strong>, entre chants bretons, fran\u00e7ais et \u00e9trangers.<br \/>\nIl se singularise par la d\u00e9couverte et la promotion de chants traditionnels et contemporains de la Bretagne, mais \u00e9galement du patrimoine profane et religieux.<\/em><\/p>\n<p style=\"text-align: left;\"><em>Nos r\u00e9p\u00e9titions ont lieu le lundi, de 18h \u00e0 20h, \u00e0 Piriac ou Mesquer. <\/em><em>Nous vous y attendons.<\/em><\/p>\n<hr \/>\n<h4>En breton :<\/h4>\n<ul>\n<li style=\"text-align: left;\">No Ho Salud (C<em>antique<\/em>)<\/li>\n<li style=\"text-align: left;\">An Hini A Garan (C<em>elui que j&rsquo;aime<\/em>)<\/li>\n<li style=\"text-align: left;\">Al labous gwenn (U<em>n oiseau blanc<\/em>)<\/li>\n<li style=\"text-align: left;\">Hor Zalver Zo Ganet (<em>Notre Sauveur est n\u00e9<\/em>)<\/li>\n<li style=\"text-align: left;\">Kannon Europa<\/li>\n<li style=\"text-align: left;\">Kousk Breiz Izel (<em>Dors, Bretagne !<\/em>)<\/li>\n<li style=\"text-align: left;\">Diweza Rozenn (<em>La derni\u00e8re rose<\/em>)<\/li>\n<li>Bro gozh ma zado\u00f9 (<em>Vieux pays de mes p\u00e8res<\/em>)<\/li>\n<li>Da feiz hon tadou koz\u00a0(C<em>antique<\/em>)<\/li>\n<li>Gwir Vretonned (<em>Vrais Bretons<\/em>)<\/li>\n<li>Kalon c&rsquo;hlan (<em>C\u0153ur pur<\/em>)<\/li>\n<li>Kanomp Nouel (<em>Chantons No\u00ebl<\/em>)<\/li>\n<li>Kenavo<\/li>\n<li>Meulomp Doue (<em>Louons Dieu<\/em>)<\/li>\n<li>Tridal a ra va halon (<em>Mon c\u0153ur tressaille, chant de P\u00e2ques<\/em>)<\/li>\n<li>Zalver<\/li>\n<li><\/li>\n<\/ul>\n<h4>En fran\u00e7ais :<\/h4>\n<ul>\n<li style=\"text-align: left;\">Le Seigneur des Baux<\/li>\n<li style=\"text-align: left;\">Vire et hop<\/li>\n<li style=\"text-align: left;\">Entre le b\u0153uf et l&rsquo;\u00e2ne gris<\/li>\n<li style=\"text-align: left;\">Glory Alleluia<\/li>\n<li style=\"text-align: left;\">No\u00ebl au Tyrol<\/li>\n<li style=\"text-align: left;\">Douce nuit<\/li>\n<li style=\"text-align: left;\">Nuit de Lumi\u00e8re<\/li>\n<li>La blanche hermine<\/li>\n<li>La chanson de Lara<\/li>\n<li>La complainte du<\/li>\n<li>De Bretagne<\/li>\n<li>Entre le b\u0153uf<\/li>\n<li>La colline aux corallines<\/li>\n<li>Le printemps<\/li>\n<li>Les gars de Locmin\u00e9<\/li>\n<li>Marions les roses<\/li>\n<li>Les moulins de Gu\u00e9rande<\/li>\n<li>No\u00ebl au Tyrol<\/li>\n<li>Sergent major<\/li>\n<li><\/li>\n<\/ul>\n<h4>Autres langues :<\/h4>\n<ul>\n<li style=\"text-align: left;\">Nocturnes de Mozart<\/li>\n<li style=\"text-align: left;\">Tibie Pa\u00efom<\/li>\n<li>Adoram oll<\/li>\n<li>L&rsquo;Arl\u00e9sienne<\/li>\n<li>Ave Maria<\/li>\n<li>Ave verum<\/li>\n<li>E kichen Bethl\u00e9em<\/li>\n<li>Exodus<\/li>\n<li>Glori alleluia<\/li>\n<li>Hymne \u00e0 la nuit<\/li>\n<li>Jacob&rsquo;s ladder<\/li>\n<li>Jingle bells<\/li>\n<li>Josuha Jericho<\/li>\n<li>Luci care<\/li>\n<li>Memory<\/li>\n<li>Due pupille (Mozart)<\/li>\n<li>Piu non si trvano (Mozart)<\/li>\n<li>Santa Maria de<\/li>\n<li>Swing low<\/li>\n<li>Hatikva (<em>Isra\u00ebl<\/em>)<\/li>\n<li>Tibie paiom (<em>Cantique<\/em>)<\/li>\n<li><\/li>\n<\/ul>\n<div style=\"padding-bottom:20px; padding-top:10px;\" class=\"hupso-share-buttons\"><!-- Hupso Share Buttons - https:\/\/www.hupso.com\/share\/ --><a class=\"hupso_toolbar\" href=\"https:\/\/www.hupso.com\/share\/\"><img decoding=\"async\" src=\"https:\/\/static.hupso.com\/share\/buttons\/lang\/fr\/share-small.png\" style=\"border:0px; padding-top: 5px; float:left;\" alt=\"Share Button\"\/><\/a><script type=\"text\/javascript\">var hupso_services_t=new Array(\"Twitter\",\"Facebook\",\"Google Plus\");var hupso_title_t=\"Partager\";var hupso_background_t=\"#EAF4FF\";var hupso_border_t=\"#66CCFF\";var hupso_toolbar_size_t=\"small\";var hupso_image_folder_url = \"\";var hupso_url_t=\"\";var hupso_title_t=\"Partager\";<\/script><script type=\"text\/javascript\" src=\"https:\/\/static.hupso.com\/share\/js\/share_toolbar.js\"><\/script><!-- Hupso Share Buttons --><\/div>","protected":false},"excerpt":{"rendered":"<p>La particularit\u00e9 de notre r\u00e9pertoire est qu&rsquo;il est \u00e9quilibr\u00e9 et vari\u00e9, entre chants bretons, fran\u00e7ais et \u00e9trangers. Il se singularise par la d\u00e9couverte et la promotion de chants traditionnels et contemporains de la Bretagne, mais \u00e9galement du patrimoine profane et&hellip; <\/p>\n<div style=\"padding-bottom:20px; padding-top:10px;\" class=\"hupso-share-buttons\"><!-- Hupso Share Buttons - https:\/\/www.hupso.com\/share\/ --><a class=\"hupso_toolbar\" href=\"https:\/\/www.hupso.com\/share\/\"><img src=\"https:\/\/static.hupso.com\/share\/buttons\/lang\/fr\/share-small.png\" style=\"border:0px; padding-top: 5px; float:left;\" alt=\"Share Button\"\/><\/a><script type=\"text\/javascript\">var hupso_services_t=new Array(\"Twitter\",\"Facebook\",\"Google Plus\");var hupso_title_t=\"Partager\";var hupso_background_t=\"#EAF4FF\";var hupso_border_t=\"#66CCFF\";var hupso_toolbar_size_t=\"small\";var hupso_image_folder_url = \"\";var hupso_url_t=\"\";var hupso_title_t=\"Partager\";<\/script><script type=\"text\/javascript\" src=\"https:\/\/static.hupso.com\/share\/js\/share_toolbar.js\"><\/script><!-- Hupso Share Buttons --><\/div>","protected":false},"author":1,"featured_media":0,"parent":0,"menu_order":0,"comment_status":"closed","ping_status":"closed","template":"","meta":{"footnotes":""},"class_list":["post-14","page","type-page","status-publish","hentry"],"publishpress_future_action":{"enabled":false,"date":"2026-04-24 14:24:47","action":"change-status","newStatus":"draft","terms":[],"taxonomy":""},"publishpress_future_workflow_manual_trigger":{"enabledWorkflows":[]},"_links":{"self":[{"href":"https:\/\/choralineskorholen.org\/index.php\/wp-json\/wp\/v2\/pages\/14","targetHints":{"allow":["GET"]}}],"collection":[{"href":"https:\/\/choralineskorholen.org\/index.php\/wp-json\/wp\/v2\/pages"}],"about":[{"href":"https:\/\/choralineskorholen.org\/index.php\/wp-json\/wp\/v2\/types\/page"}],"author":[{"embeddable":true,"href":"https:\/\/choralineskorholen.org\/index.php\/wp-json\/wp\/v2\/users\/1"}],"replies":[{"embeddable":true,"href":"https:\/\/choralineskorholen.org\/index.php\/wp-json\/wp\/v2\/comments?post=14"}],"version-history":[{"count":0,"href":"https:\/\/choralineskorholen.org\/index.php\/wp-json\/wp\/v2\/pages\/14\/revisions"}],"wp:attachment":[{"href":"https:\/\/choralineskorholen.org\/index.php\/wp-json\/wp\/v2\/media?parent=14"}],"curies":[{"name":"wp","href":"https:\/\/api.w.org\/{rel}","templated":true}]}}