{"id":164,"date":"2016-10-25T07:34:26","date_gmt":"2016-10-25T05:34:26","guid":{"rendered":"http:\/\/choralineskorholen.org\/?page_id=164"},"modified":"2024-03-29T11:11:05","modified_gmt":"2024-03-29T10:11:05","slug":"mentions-legales","status":"publish","type":"page","link":"https:\/\/choralineskorholen.org\/index.php\/mentions-legales\/","title":{"rendered":"Mentions l\u00e9gales"},"content":{"rendered":"<p>Ce site est con\u00e7u, r\u00e9alis\u00e9 et publi\u00e9 par l\u2019association (loi 1901) \u00ab\u00a0Les Choralines-Korholen\u00a0\u00bb.<br class=\"autobr\" \/>L\u2019ensemble du site, pages et contenus, est la propri\u00e9t\u00e9 de l\u2019association \u00ab\u00a0Les Choralines-Korholen\u00a0\u00bb.<\/p>\n<p><strong>Informations institutionnelles<\/strong><\/p>\n<blockquote class=\"spip\"><p>Titre de l&rsquo;association : \u00ab\u00a0Les Choralines\u00a0\u00bb<br \/>\nNom d&rsquo;usage : \u00ab\u00a0Les Choralines-Korholen\u00a0\u00bb<br \/>\nSi\u00e8ge social : Mairie de Piriac-sur-mer,\u00a03 rue du Calvaire &#8211; 44420 Piriac<\/p>\n<p>Responsable de la publication : Vincenzo Mercadante<\/p>\n<p>Webmestre : Jean-Baptiste Rosset (contact \u00e0 l&rsquo;aide du <a href=\"http:\/\/choralineskorholen.org\/index.php\/nous-contacter\/\">formulaire<\/a>)<\/p>\n<p>H\u00e9bergeur : OVH,\u00a02 rue Kellermann &#8211; 59100 Roubaix<\/p><\/blockquote>\n<p><strong>Droit d\u2019auteur et reprise du contenu<\/strong><\/p>\n<blockquote><p>Toute reprise m\u00eame partielle est conditionn\u00e9e \u00e0 l\u2019accord du C.A. de l\u2019association \u00ab\u00a0Les Choralines-Korholen\u00a0\u00bb . Tous les textes publi\u00e9s peuvent \u00eatre cit\u00e9s ou repris sous r\u00e9serve de mentionner leur source. La cr\u00e9ation de liens avec le site est libre apr\u00e8s accord de l\u2019association \u00ab\u00a0Les Choralines-Korholen\u00a0\u00bb . En outre, les informations utilis\u00e9es ne doivent l\u2019\u00eatre qu\u2019\u00e0 des fins personnelles ou associatives.<\/p><\/blockquote>\n<p><strong>Cr\u00e9dits\u00a0m\u00e9dias<\/strong><\/p>\n<blockquote><p>Sauf mention explicite particuli\u00e8re, les photos, vid\u00e9os et audios ne\u00a0peuvent \u00eatre reproduites, m\u00eame partiellement.<\/p><\/blockquote>\n<p><strong>Traitement des donn\u00e9es\u00a0recueillies<\/strong><\/p>\n<blockquote><p>L\u2019association \u00ab\u00a0Les Choralines-Korholen\u00a0\u00bb prot\u00e8ge les donn\u00e9es personnelles que vous pouvez \u00eatre amen\u00e9 \u00e0 d\u00e9poser\u00a0dans les espaces de discussion, conform\u00e9ment aux dispositions r\u00e9glementaires et aux recommandations de la Commission Nationale de l\u2019Informatique et des Libert\u00e9s (CNIL). Ces donn\u00e9es ne sont jamais confi\u00e9es \u00e0 des tiers et leur collecte en est rigoureusement interdite. Une mod\u00e9ration a posteriori permet la suppression de contenus r\u00e9pr\u00e9hensibles, dans un d\u00e9lai raisonnable, ou simplement non souhait\u00e9, sur simple demande (voir le <a href=\"http:\/\/choralineskorholen.org\/index.php\/nous-contacter\/\">formulaire<\/a> de contact).<\/p><\/blockquote>\n<p><strong>Tra\u00e7abilit\u00e9 et profilage (cookies)<\/strong><\/p>\n<blockquote><p>Le langage d\u2019exploitation utilis\u00e9 stocke des informations relatives au mode de navigation sur le site par rapport \u00e0 la rubrique consult\u00e9e. Ces informations ne contiennent aucune information personnelle. Vous pouvez n\u00e9anmoins vous opposer \u00e0 l\u2019enregistrement de cookies en modifiant les param\u00e8tres de votre navigateur.<\/p><\/blockquote>\n<hr \/>\n<div style=\"padding-bottom:20px; padding-top:10px;\" class=\"hupso-share-buttons\"><!-- Hupso Share Buttons - https:\/\/www.hupso.com\/share\/ --><a class=\"hupso_toolbar\" href=\"https:\/\/www.hupso.com\/share\/\"><img decoding=\"async\" src=\"https:\/\/static.hupso.com\/share\/buttons\/lang\/fr\/share-small.png\" style=\"border:0px; padding-top: 5px; float:left;\" alt=\"Share Button\"\/><\/a><script type=\"text\/javascript\">var hupso_services_t=new Array(\"Twitter\",\"Facebook\",\"Google Plus\");var hupso_title_t=\"Partager\";var hupso_background_t=\"#EAF4FF\";var hupso_border_t=\"#66CCFF\";var hupso_toolbar_size_t=\"small\";var hupso_image_folder_url = \"\";var hupso_url_t=\"\";var hupso_title_t=\"Partager\";<\/script><script type=\"text\/javascript\" src=\"https:\/\/static.hupso.com\/share\/js\/share_toolbar.js\"><\/script><!-- Hupso Share Buttons --><\/div>","protected":false},"excerpt":{"rendered":"<p>Ce site est con\u00e7u, r\u00e9alis\u00e9 et publi\u00e9 par l\u2019association (loi 1901) \u00ab\u00a0Les Choralines-Korholen\u00a0\u00bb.L\u2019ensemble du site, pages et contenus, est la propri\u00e9t\u00e9 de l\u2019association \u00ab\u00a0Les Choralines-Korholen\u00a0\u00bb. Informations institutionnelles Titre de l&rsquo;association : \u00ab\u00a0Les Choralines\u00a0\u00bb Nom d&rsquo;usage : \u00ab\u00a0Les Choralines-Korholen\u00a0\u00bb Si\u00e8ge social&hellip; <\/p>\n<div style=\"padding-bottom:20px; padding-top:10px;\" class=\"hupso-share-buttons\"><!-- Hupso Share Buttons - https:\/\/www.hupso.com\/share\/ --><a class=\"hupso_toolbar\" href=\"https:\/\/www.hupso.com\/share\/\"><img src=\"https:\/\/static.hupso.com\/share\/buttons\/lang\/fr\/share-small.png\" style=\"border:0px; padding-top: 5px; float:left;\" alt=\"Share Button\"\/><\/a><script type=\"text\/javascript\">var hupso_services_t=new Array(\"Twitter\",\"Facebook\",\"Google Plus\");var hupso_title_t=\"Partager\";var hupso_background_t=\"#EAF4FF\";var hupso_border_t=\"#66CCFF\";var hupso_toolbar_size_t=\"small\";var hupso_image_folder_url = \"\";var hupso_url_t=\"\";var hupso_title_t=\"Partager\";<\/script><script type=\"text\/javascript\" src=\"https:\/\/static.hupso.com\/share\/js\/share_toolbar.js\"><\/script><!-- Hupso Share Buttons --><\/div>","protected":false},"author":1,"featured_media":0,"parent":0,"menu_order":0,"comment_status":"closed","ping_status":"closed","template":"","meta":{"footnotes":""},"class_list":["post-164","page","type-page","status-publish","hentry"],"publishpress_future_action":{"enabled":false,"date":"2026-05-11 10:53:15","action":"change-status","newStatus":"draft","terms":[],"taxonomy":""},"publishpress_future_workflow_manual_trigger":{"enabledWorkflows":[]},"_links":{"self":[{"href":"https:\/\/choralineskorholen.org\/index.php\/wp-json\/wp\/v2\/pages\/164","targetHints":{"allow":["GET"]}}],"collection":[{"href":"https:\/\/choralineskorholen.org\/index.php\/wp-json\/wp\/v2\/pages"}],"about":[{"href":"https:\/\/choralineskorholen.org\/index.php\/wp-json\/wp\/v2\/types\/page"}],"author":[{"embeddable":true,"href":"https:\/\/choralineskorholen.org\/index.php\/wp-json\/wp\/v2\/users\/1"}],"replies":[{"embeddable":true,"href":"https:\/\/choralineskorholen.org\/index.php\/wp-json\/wp\/v2\/comments?post=164"}],"version-history":[{"count":0,"href":"https:\/\/choralineskorholen.org\/index.php\/wp-json\/wp\/v2\/pages\/164\/revisions"}],"wp:attachment":[{"href":"https:\/\/choralineskorholen.org\/index.php\/wp-json\/wp\/v2\/media?parent=164"}],"curies":[{"name":"wp","href":"https:\/\/api.w.org\/{rel}","templated":true}]}}