{"id":29,"date":"2016-10-18T23:13:24","date_gmt":"2016-10-18T21:13:24","guid":{"rendered":"http:\/\/choralineskorholen.org\/?page_id=29"},"modified":"2022-12-22T10:29:07","modified_gmt":"2022-12-22T09:29:07","slug":"photos-et-videos","status":"publish","type":"page","link":"https:\/\/choralineskorholen.org\/index.php\/photos-et-videos\/","title":{"rendered":"Photos et vid\u00e9os"},"content":{"rendered":"<p><strong><img loading=\"lazy\" decoding=\"async\" class=\"alignright size-full wp-image-289\" src=\"http:\/\/choralineskorholen.org\/wp-content\/uploads\/2016\/11\/logo.gif\" alt=\"logo\" width=\"208\" height=\"150\">Photos <\/strong><em>(vid\u00e9os en bas de page)<\/em><\/p>\n<ul>\n<li><a href=\"http:\/\/choralineskorholen.org\/index.php\/photos-et-videos\/concert-de-noel-a-piriac-2022\/\"><img loading=\"lazy\" decoding=\"async\" src=\"http:\/\/choralineskorholen.org\/wp-content\/uploads\/2016\/10\/bouton_1.gif\" alt=\"\" width=\"30\" height=\"25\"><\/a> Concert de No\u00ebl \u00e0 Piriac (2022)<\/li>\n<li><a href=\"http:\/\/choralineskorholen.org\/index.php\/photos-et-videos\/concert-de-noel-a-piriac-2018\/\"><img loading=\"lazy\" decoding=\"async\" src=\"http:\/\/choralineskorholen.org\/wp-content\/uploads\/2016\/10\/bouton_1.gif\" alt=\"\" width=\"30\" height=\"25\"><\/a>&nbsp;Concert de No\u00ebl \u00e0 Piriac (2018)<\/li>\n<li><a href=\"http:\/\/choralineskorholen.org\/index.php\/photos-et-videos\/le-festival-anne-de-bretagne-a-saint-herblain\/\"><img loading=\"lazy\" decoding=\"async\" src=\"http:\/\/choralineskorholen.org\/wp-content\/uploads\/2016\/10\/bouton_1.gif\" alt=\"\" width=\"30\" height=\"25\"><\/a>&nbsp;Festival Anne de Bretagne \u00e0 St-Herblain (juin 2017)<\/li>\n<li><a href=\"http:\/\/choralineskorholen.org\/index.php\/photos-et-videos\/grand-messe-medievale-a-la-collegiale\/\"><img loading=\"lazy\" decoding=\"async\" src=\"http:\/\/choralineskorholen.org\/wp-content\/uploads\/2016\/10\/bouton_1.gif\" alt=\"\" width=\"30\" height=\"25\"><\/a>&nbsp;Grand-messe m\u00e9di\u00e9vale \u00e0 la Coll\u00e9giale (mai 2017)<\/li>\n<li><a href=\"http:\/\/choralineskorholen.org\/index.php\/photos-et-videos\/la-saint-yves-a-notre-dame-de-la-baule\/\"><img loading=\"lazy\" decoding=\"async\" src=\"http:\/\/choralineskorholen.org\/wp-content\/uploads\/2016\/10\/bouton_1.gif\" alt=\"\" width=\"30\" height=\"25\"><\/a>&nbsp;Le concert de la Saint-Yves \u00e0 La Baule (mai 2017)<\/li>\n<li><a href=\"http:\/\/choralineskorholen.org\/index.php\/photos-et-videos\/le-concert-de-noel-a-piriac-2016\/\"><img loading=\"lazy\" decoding=\"async\" src=\"http:\/\/choralineskorholen.org\/wp-content\/uploads\/2016\/10\/bouton_1.gif\" alt=\"\" width=\"30\" height=\"25\"><\/a>&nbsp;Le concert de No\u00ebl \u00e0 Piriac (2016)<\/li>\n<li><a href=\"http:\/\/choralineskorholen.org\/index.php\/photos-et-videos\/de-ci-de-la\/\"><img loading=\"lazy\" decoding=\"async\" src=\"http:\/\/choralineskorholen.org\/wp-content\/uploads\/2016\/10\/bouton_1.gif\" alt=\"\" width=\"30\" height=\"25\"><\/a>&nbsp;De ci, de l\u00e0 &#8230;<\/li>\n<li><a href=\"http:\/\/choralineskorholen.org\/index.php\/photos-et-videos\/a-la-fete-medievale-de-guerande\/\"><img loading=\"lazy\" decoding=\"async\" src=\"http:\/\/choralineskorholen.org\/wp-content\/uploads\/2016\/10\/bouton_1.gif\" alt=\"\" width=\"30\" height=\"25\"><\/a>&nbsp;\u00c0 la f\u00eate m\u00e9di\u00e9vale de Gu\u00e9rande en juin 2015<\/li>\n<li><a href=\"http:\/\/choralineskorholen.org\/index.php\/photos-et-videos\/aux-150-ans-de-la-turballe\/\"><img loading=\"lazy\" decoding=\"async\" src=\"http:\/\/choralineskorholen.org\/wp-content\/uploads\/2016\/10\/bouton_1.gif\" alt=\"\" width=\"30\" height=\"25\"><\/a>&nbsp;Les 150 ans de La Turballe en juin 2015<\/li>\n<li><a href=\"http:\/\/choralineskorholen.org\/index.php\/photos-et-videos\/dans-leglise-de-piriac\/\"><img loading=\"lazy\" decoding=\"async\" src=\"http:\/\/choralineskorholen.org\/wp-content\/uploads\/2016\/10\/bouton_1.gif\" alt=\"\" width=\"30\" height=\"25\"><\/a>&nbsp;Dans l&rsquo;\u00e9glise de Piriac en juillet 2012<\/li>\n<\/ul>\n<p><strong>Vid\u00e9os<\/strong><\/p>\n<ul>\n<li><a href=\"http:\/\/choralineskorholen.org\/index.php\/photos-et-videos\/noel-en-leglise-de-piriac-2022\/adeste-fideles\/\"><img loading=\"lazy\" decoding=\"async\" src=\"http:\/\/choralineskorholen.org\/wp-content\/uploads\/2016\/10\/bouton_1.gif\" alt=\"\" width=\"30\" height=\"25\"><\/a>&nbsp;Concert de No\u00ebl \u00e0 Piriac (2022)<\/li>\n<li><a href=\"http:\/\/choralineskorholen.org\/index.php\/concert-de-noel-a-mesquer-2022\/\"><img loading=\"lazy\" decoding=\"async\" src=\"http:\/\/choralineskorholen.org\/wp-content\/uploads\/2016\/10\/bouton_1.gif\" alt=\"\" width=\"30\" height=\"25\"><\/a> Concert de No\u00ebl \u00e0 Mesquer (2022)&nbsp;<\/li>\n<li><a href=\"http:\/\/choralineskorholen.org\/index.php\/noel-en-leglise-dherbignac-2018\/\"><img loading=\"lazy\" decoding=\"async\" src=\"http:\/\/choralineskorholen.org\/wp-content\/uploads\/2016\/10\/bouton_1.gif\" alt=\"\" width=\"30\" height=\"25\"><\/a>&nbsp;No\u00ebl en l&rsquo;\u00e9glise d&rsquo;Herbignac (2018)<\/li>\n<li><a href=\"http:\/\/choralineskorholen.org\/index.php\/noel-en-leglise-de-piriac-2018\/\"><img loading=\"lazy\" decoding=\"async\" src=\"http:\/\/choralineskorholen.org\/wp-content\/uploads\/2016\/10\/bouton_1.gif\" alt=\"\" width=\"30\" height=\"25\"><\/a>&nbsp;No\u00ebl en l&rsquo;\u00e9glise de Piriac (2018)<\/li>\n<li><a href=\"http:\/\/choralineskorholen.org\/index.php\/photos-et-videos\/les-choralines-a-leglise-de-batz-2011\/\"><img loading=\"lazy\" decoding=\"async\" src=\"http:\/\/choralineskorholen.org\/wp-content\/uploads\/2016\/10\/bouton_1.gif\" alt=\"\" width=\"30\" height=\"25\"><\/a>&nbsp;Les Choralines entrant dans l&rsquo;\u00e9glise de Batz (2011)<\/li>\n<\/ul>\n<hr width=\"70%\">\n<p>Notez bien : <em>sauf mention particuli\u00e8re, photos et vid\u00e9os ne peuvent \u00eatre reproduites sans autorisation, m\u00eame partiellement.<\/em><\/p>\n<div style=\"padding-bottom:20px; padding-top:10px;\" class=\"hupso-share-buttons\"><!-- Hupso Share Buttons - https:\/\/www.hupso.com\/share\/ --><a class=\"hupso_toolbar\" href=\"https:\/\/www.hupso.com\/share\/\"><img decoding=\"async\" src=\"https:\/\/static.hupso.com\/share\/buttons\/lang\/fr\/share-small.png\" style=\"border:0px; padding-top: 5px; float:left;\" alt=\"Share Button\"\/><\/a><script type=\"text\/javascript\">var hupso_services_t=new Array(\"Twitter\",\"Facebook\",\"Google Plus\");var hupso_title_t=\"Partager\";var hupso_background_t=\"#EAF4FF\";var hupso_border_t=\"#66CCFF\";var hupso_toolbar_size_t=\"small\";var hupso_image_folder_url = \"\";var hupso_url_t=\"\";var hupso_title_t=\"Partager\";<\/script><script type=\"text\/javascript\" src=\"https:\/\/static.hupso.com\/share\/js\/share_toolbar.js\"><\/script><!-- Hupso Share Buttons --><\/div>","protected":false},"excerpt":{"rendered":"<p>Photos (vid\u00e9os en bas de page) Concert de No\u00ebl \u00e0 Piriac (2022) &nbsp;Concert de No\u00ebl \u00e0 Piriac (2018) &nbsp;Festival Anne de Bretagne \u00e0 St-Herblain (juin 2017) &nbsp;Grand-messe m\u00e9di\u00e9vale \u00e0 la Coll\u00e9giale (mai 2017) &nbsp;Le concert de la Saint-Yves \u00e0 La&hellip; <\/p>\n<div style=\"padding-bottom:20px; padding-top:10px;\" class=\"hupso-share-buttons\"><!-- Hupso Share Buttons - https:\/\/www.hupso.com\/share\/ --><a class=\"hupso_toolbar\" href=\"https:\/\/www.hupso.com\/share\/\"><img src=\"https:\/\/static.hupso.com\/share\/buttons\/lang\/fr\/share-small.png\" style=\"border:0px; padding-top: 5px; float:left;\" alt=\"Share Button\"\/><\/a><script type=\"text\/javascript\">var hupso_services_t=new Array(\"Twitter\",\"Facebook\",\"Google Plus\");var hupso_title_t=\"Partager\";var hupso_background_t=\"#EAF4FF\";var hupso_border_t=\"#66CCFF\";var hupso_toolbar_size_t=\"small\";var hupso_image_folder_url = \"\";var hupso_url_t=\"\";var hupso_title_t=\"Partager\";<\/script><script type=\"text\/javascript\" src=\"https:\/\/static.hupso.com\/share\/js\/share_toolbar.js\"><\/script><!-- Hupso Share Buttons --><\/div>","protected":false},"author":1,"featured_media":0,"parent":0,"menu_order":0,"comment_status":"closed","ping_status":"closed","template":"","meta":{"footnotes":""},"class_list":["post-29","page","type-page","status-publish","hentry"],"publishpress_future_action":{"enabled":false,"date":"2026-05-01 15:26:33","action":"change-status","newStatus":"draft","terms":[],"taxonomy":""},"publishpress_future_workflow_manual_trigger":{"enabledWorkflows":[]},"_links":{"self":[{"href":"https:\/\/choralineskorholen.org\/index.php\/wp-json\/wp\/v2\/pages\/29","targetHints":{"allow":["GET"]}}],"collection":[{"href":"https:\/\/choralineskorholen.org\/index.php\/wp-json\/wp\/v2\/pages"}],"about":[{"href":"https:\/\/choralineskorholen.org\/index.php\/wp-json\/wp\/v2\/types\/page"}],"author":[{"embeddable":true,"href":"https:\/\/choralineskorholen.org\/index.php\/wp-json\/wp\/v2\/users\/1"}],"replies":[{"embeddable":true,"href":"https:\/\/choralineskorholen.org\/index.php\/wp-json\/wp\/v2\/comments?post=29"}],"version-history":[{"count":0,"href":"https:\/\/choralineskorholen.org\/index.php\/wp-json\/wp\/v2\/pages\/29\/revisions"}],"wp:attachment":[{"href":"https:\/\/choralineskorholen.org\/index.php\/wp-json\/wp\/v2\/media?parent=29"}],"curies":[{"name":"wp","href":"https:\/\/api.w.org\/{rel}","templated":true}]}}