{"id":308,"date":"2016-11-21T23:12:47","date_gmt":"2016-11-21T22:12:47","guid":{"rendered":"http:\/\/choralineskorholen.org\/?page_id=308"},"modified":"2024-03-28T17:32:38","modified_gmt":"2024-03-28T16:32:38","slug":"nos-activites","status":"publish","type":"page","link":"https:\/\/choralineskorholen.org\/index.php\/nos-activites\/","title":{"rendered":"Nos activit\u00e9s"},"content":{"rendered":"<p><img loading=\"lazy\" decoding=\"async\" class=\"alignright size-full wp-image-289\" src=\"http:\/\/choralineskorholen.org\/wp-content\/uploads\/2016\/11\/logo.gif\" alt=\"logo\" width=\"208\" height=\"150\" \/>\u00c0 r\u00e9pertoire vari\u00e9, activit\u00e9s vari\u00e9es \u00e9galement :<\/p>\n<ul>\n<li>concerts d&rsquo;\u00e9t\u00e9 et de No\u00ebl<\/li>\n<li>participation au festival d&rsquo;Anne-de-Bretagne<\/li>\n<li>animation des communes de Piriac, Mesquer, Saint-Molf, Gu\u00e9rande<\/li>\n<li>\u00e9changes amicaux avec d&rsquo;autres chorales r\u00e9gionales<\/li>\n<li>animations dans les \u00e9coles, maisons de retraites&#8230;<\/li>\n<\/ul>\n<p><img loading=\"lazy\" decoding=\"async\" class=\"size-full wp-image-1730 aligncenter\" src=\"http:\/\/choralineskorholen.org\/wp-content\/uploads\/2023\/07\/230702_chorale.jpg\" alt=\"\" width=\"660\" height=\"372\" \/><\/p>\n<hr width=\"50%\" \/>\n<h4>notre calendrier 2023-2024 :<\/h4>\n<ul>\n<li style=\"list-style-type: none;\">\n<ul>\n<li>Intervention \u00e0 \u00ab\u00a0Ayolis\u00a0\u00bb de <strong>Saint-Andr\u00e9<\/strong> le 10 octobre 2023<\/li>\n<li>Animation \u00e0 \u00ab\u00a0Andr\u00e9-Rochefort\u00a0\u00bb du <strong>Pouliguen<\/strong> le 16 novembre 2023<\/li>\n<li>Participation au T\u00e9l\u00e9thon de <strong>Piriac<\/strong> et <strong>Mesquer<\/strong> le 9 d\u00e9cembre 2023<\/li>\n<li>Animation de No\u00ebl devant les enfants de l&rsquo;\u00e9cole ND du Rosaire le 19 d\u00e9cembre 2023<\/li>\n<li>Animation \u00e0 \u00ab\u00a0La Bri\u00e8re\u00a0\u00bb de <strong>Saint-Lyphard<\/strong> le 21 d\u00e9cembre 2023<\/li>\n<li>Concert de No\u00ebl \u00e0 <strong>Piriac<\/strong> le 17 d\u00e9cembre 2023<\/li>\n<li>Animation \u00e0 \u00ab\u00a0Korian Atlantique\u00a0\u00bb du <strong>Pouliguen<\/strong> le 5 janvier 2024<\/li>\n<li>Concert <strong>Retina<\/strong> avec Moza\u00efque \u00e0 <strong>Mesquer\u00a0<\/strong>le 23 mars 2024<\/li>\n<li>Concert <strong>Voix en f\u00eate<\/strong> Kenleur 44 \u00e0 <strong>Saint-Herblain<\/strong> le 14 avril 2024<\/li>\n<li>Participation au <strong>Festival Anne-de-Bretagne<\/strong> \u00e0 <strong>Chateaubriant<\/strong> en mai 2024<\/li>\n<li>Concert <strong>Trois Chorales<\/strong> \u00e0 <strong>Saint-Gildas-des-bois<\/strong> le 9 juin 2024<\/li>\n<\/ul>\n<\/li>\n<\/ul>\n<div style=\"padding-bottom:20px; padding-top:10px;\" class=\"hupso-share-buttons\"><!-- Hupso Share Buttons - https:\/\/www.hupso.com\/share\/ --><a class=\"hupso_toolbar\" href=\"https:\/\/www.hupso.com\/share\/\"><img decoding=\"async\" src=\"https:\/\/static.hupso.com\/share\/buttons\/lang\/fr\/share-small.png\" style=\"border:0px; padding-top: 5px; float:left;\" alt=\"Share Button\"\/><\/a><script type=\"text\/javascript\">var hupso_services_t=new Array(\"Twitter\",\"Facebook\",\"Google Plus\");var hupso_title_t=\"Partager\";var hupso_background_t=\"#EAF4FF\";var hupso_border_t=\"#66CCFF\";var hupso_toolbar_size_t=\"small\";var hupso_image_folder_url = \"\";var hupso_url_t=\"\";var hupso_title_t=\"Partager\";<\/script><script type=\"text\/javascript\" src=\"https:\/\/static.hupso.com\/share\/js\/share_toolbar.js\"><\/script><!-- Hupso Share Buttons --><\/div>","protected":false},"excerpt":{"rendered":"<p>\u00c0 r\u00e9pertoire vari\u00e9, activit\u00e9s vari\u00e9es \u00e9galement : concerts d&rsquo;\u00e9t\u00e9 et de No\u00ebl participation au festival d&rsquo;Anne-de-Bretagne animation des communes de Piriac, Mesquer, Saint-Molf, Gu\u00e9rande \u00e9changes amicaux avec d&rsquo;autres chorales r\u00e9gionales animations dans les \u00e9coles, maisons de retraites&#8230; notre calendrier 2023-2024&hellip; <\/p>\n<div style=\"padding-bottom:20px; padding-top:10px;\" class=\"hupso-share-buttons\"><!-- Hupso Share Buttons - https:\/\/www.hupso.com\/share\/ --><a class=\"hupso_toolbar\" href=\"https:\/\/www.hupso.com\/share\/\"><img src=\"https:\/\/static.hupso.com\/share\/buttons\/lang\/fr\/share-small.png\" style=\"border:0px; padding-top: 5px; float:left;\" alt=\"Share Button\"\/><\/a><script type=\"text\/javascript\">var hupso_services_t=new Array(\"Twitter\",\"Facebook\",\"Google Plus\");var hupso_title_t=\"Partager\";var hupso_background_t=\"#EAF4FF\";var hupso_border_t=\"#66CCFF\";var hupso_toolbar_size_t=\"small\";var hupso_image_folder_url = \"\";var hupso_url_t=\"\";var hupso_title_t=\"Partager\";<\/script><script type=\"text\/javascript\" src=\"https:\/\/static.hupso.com\/share\/js\/share_toolbar.js\"><\/script><!-- Hupso Share Buttons --><\/div>","protected":false},"author":1,"featured_media":0,"parent":0,"menu_order":0,"comment_status":"closed","ping_status":"closed","template":"","meta":{"footnotes":""},"class_list":["post-308","page","type-page","status-publish","hentry"],"publishpress_future_action":{"enabled":false,"date":"2026-04-28 13:59:50","action":"change-status","newStatus":"draft","terms":[],"taxonomy":""},"publishpress_future_workflow_manual_trigger":{"enabledWorkflows":[]},"_links":{"self":[{"href":"https:\/\/choralineskorholen.org\/index.php\/wp-json\/wp\/v2\/pages\/308","targetHints":{"allow":["GET"]}}],"collection":[{"href":"https:\/\/choralineskorholen.org\/index.php\/wp-json\/wp\/v2\/pages"}],"about":[{"href":"https:\/\/choralineskorholen.org\/index.php\/wp-json\/wp\/v2\/types\/page"}],"author":[{"embeddable":true,"href":"https:\/\/choralineskorholen.org\/index.php\/wp-json\/wp\/v2\/users\/1"}],"replies":[{"embeddable":true,"href":"https:\/\/choralineskorholen.org\/index.php\/wp-json\/wp\/v2\/comments?post=308"}],"version-history":[{"count":0,"href":"https:\/\/choralineskorholen.org\/index.php\/wp-json\/wp\/v2\/pages\/308\/revisions"}],"wp:attachment":[{"href":"https:\/\/choralineskorholen.org\/index.php\/wp-json\/wp\/v2\/media?parent=308"}],"curies":[{"name":"wp","href":"https:\/\/api.w.org\/{rel}","templated":true}]}}