{"id":312,"date":"2016-11-21T23:19:53","date_gmt":"2016-11-21T22:19:53","guid":{"rendered":"http:\/\/choralineskorholen.org\/?page_id=312"},"modified":"2024-04-09T10:03:13","modified_gmt":"2024-04-09T08:03:13","slug":"les-membres","status":"publish","type":"page","link":"https:\/\/choralineskorholen.org\/index.php\/pour-les-choristes\/les-membres\/","title":{"rendered":"Liste des membres"},"content":{"rendered":"<p><a href=\"http:\/\/choralineskorholen.org\/wp-content\/uploads\/2024\/03\/2024-02-Liste-Chorale.pdf\" target=\"_blank\" rel=\"noopener\"><strong>T\u00e9l\u00e9charger le document complet\u00a0<\/strong><\/a><\/p>\n<p><a href=\"http:\/\/choralineskorholen.org\/wp-content\/uploads\/2024\/04\/Trombinoscope-choristes-Choralines-2024-01-12.pdf\" target=\"_blank\" rel=\"noopener\"><strong>Trombinoscope<\/strong><\/a><\/p>\n<h1><span style=\"color: #d76208;\">Ann\u00e9e 2023 \u2022 2024<\/span><\/h1>\n<p><em><strong>mise \u00e0 jour : f\u00e9vrier 2024<\/strong><\/em><\/p>\n<p><strong>Pr\u00e9sident : Vincenzo MERCADANTE \u2013 06 68 33 10 87<br \/>\n<\/strong><\/p>\n<p><strong>Chef de Ch\u0153ur : Christophe VINCENT \u2013 02 72 27 21 99<\/strong><\/p>\n<table width=\"912\">\n<tbody>\n<tr>\n<td width=\"255\">ALLEGRE<\/td>\n<td width=\"148\">Isabelle<\/td>\n<td width=\"157\">ALTI<\/td>\n<td width=\"352\"><a href=\"mailto:allegre.isabelle@free.fr\">allegre.isabelle@free.fr<\/a><\/td>\n<\/tr>\n<tr>\n<td>BARROT<\/td>\n<td>Philippe<\/td>\n<td>BASSE<\/td>\n<td><a href=\"mailto:sybarrot@laposte.net\">sybarrot@laposte.net<\/a><\/td>\n<\/tr>\n<tr>\n<td>BOINEAU<\/td>\n<td>Anne<\/td>\n<td>SOPRANE<\/td>\n<td><a href=\"mailto:anne.boineau37@gmail.com\">anne.boineau37@gmail.com<\/a><\/td>\n<\/tr>\n<tr>\n<td>DELEPOULLE<\/td>\n<td>Anne<\/td>\n<td>ALTI<\/td>\n<td><a href=\"mailto:annedelepoulle@orange.fr\">annedelepoulle@orange.fr<\/a><\/td>\n<\/tr>\n<tr>\n<td>DESNOS<\/td>\n<td>Fran\u00e7oise<\/td>\n<td>ALTI<\/td>\n<td><a href=\"mailto:desnos.francoise@free.fr\">desnos.francoise@free.fr\u00a0\u00a0\u00a0\u00a0\u00a0<\/a><\/td>\n<\/tr>\n<tr>\n<td>DESNOS<\/td>\n<td>Patrick<\/td>\n<td>TENOR<\/td>\n<td><a href=\"mailto:pdesnos45@free.fr\">pdesnos45@free.fr<\/a><\/td>\n<\/tr>\n<tr>\n<td>CAMMAS<\/td>\n<td>Susan<\/td>\n<td>ALTI<\/td>\n<td><a href=\"mailto:susan.cammas@gmail.com\">susan.cammas@gmail.com<\/a><\/td>\n<\/tr>\n<tr>\n<td>ELOI<\/td>\n<td>Daniel<\/td>\n<td>BASSE<\/td>\n<td><a href=\"mailto:garage.eloi@wanadoo.fr\">garage.eloi@wanadoo.fr<\/a><\/td>\n<\/tr>\n<tr>\n<td>ELOI<\/td>\n<td>Micheline<\/td>\n<td>SOPRANE<\/td>\n<td><a href=\"mailto:garage.eloi@wanadoo.fr\">garage.eloi@wanadoo.fr<\/a><\/td>\n<\/tr>\n<tr>\n<td>GACHET<\/td>\n<td>Bernard<\/td>\n<td>TENOR<\/td>\n<td><a href=\"mailto:bernard.gachet.bg@gmail.com\">bernard.gachet.bg@gmail.com<\/a><\/td>\n<\/tr>\n<tr>\n<td>GACHET<\/td>\n<td>Nathalie<\/td>\n<td>ALTI<\/td>\n<td><a href=\"mailto:nathalie.arseguet@gmail.com\">nathalie.arseguet@gmail.com<\/a><\/td>\n<\/tr>\n<tr>\n<td>GAUTREAU<\/td>\n<td>H\u00e9l\u00e8ne<\/td>\n<td>SOPRANE<\/td>\n<td><a href=\"mailto:h.gautreau44@gmail.com\">h.gautreau44@gmail.com<\/a><\/td>\n<\/tr>\n<tr>\n<td>HAUMONT<\/td>\n<td>Marit\u00e9<\/td>\n<td>ALTI<\/td>\n<td><a href=\"mailto:haumont.mt@gmail.com\">haumont.mt@gmail.com<\/a><\/td>\n<\/tr>\n<tr>\n<td>HENAUX<\/td>\n<td>Bernadette<\/td>\n<td>ALTI<\/td>\n<td><a href=\"mailto:henaux.bernadette@orange.fr\">henaux.bernadette@orange.fr<\/a><\/td>\n<\/tr>\n<tr>\n<td>JOBARD<\/td>\n<td>Marie-Claire<\/td>\n<td>ALTI<\/td>\n<td><a href=\"mailto:marieclairejobard@orange.fr\">marieclairejobard@orange.fr<\/a><\/td>\n<\/tr>\n<tr>\n<td>JOBARD<\/td>\n<td>Philippe<\/td>\n<td>TENOR<\/td>\n<td><a href=\"mailto:jobardphil@orange.fr\">jobardphil@orange.fr<\/a><\/td>\n<\/tr>\n<tr>\n<td>KERKARI<\/td>\n<td>Nadia<\/td>\n<td>SOPRANE<\/td>\n<td><a href=\"mailto:nadiakerkari@gmail.com\">nadiakerkari@gmail.com<\/a><\/td>\n<\/tr>\n<tr>\n<td>KUBICKE<\/td>\n<td>Alain<\/td>\n<td>TENOR<\/td>\n<td><a href=\"mailto:a.kubicke@orange.fr\">a.kubicke@orange.fr<\/a><\/td>\n<\/tr>\n<tr>\n<td>LAMBERT<\/td>\n<td>Andr\u00e9e<\/td>\n<td>ALTI<\/td>\n<td><a href=\"mailto:pierrelambert49@orange.fr\">pierrelambert49@orange.fr<\/a><\/td>\n<\/tr>\n<tr>\n<td>LE CARPENTIER<\/td>\n<td>Michelle<\/td>\n<td>SOPRANE<\/td>\n<td><a href=\"mailto:juangelecar@yahoo.fr\">juangelecar@yahoo.fr<\/a><\/td>\n<\/tr>\n<tr>\n<td>LE CARPENTIER<\/td>\n<td>Alain<\/td>\n<td>BASSE<\/td>\n<td><a href=\"mailto:juangelecar@yahoo.fr\">juangelecar@yahoo.fr<\/a><\/td>\n<\/tr>\n<tr>\n<td>LEHUEDE<\/td>\n<td>Fran\u00e7oise<\/td>\n<td>ALTI<\/td>\n<td><a href=\"mailto:lehuedejy@gmail.com\">lehuedejy@gmail.com<\/a><\/td>\n<\/tr>\n<tr>\n<td>de LORGERIL<\/td>\n<td>Beatrice<\/td>\n<td>ALTI<\/td>\n<td><a href=\"mailto:beatrice@delorgeril.fr\">beatrice@delorgeril.fr<\/a><\/td>\n<\/tr>\n<tr>\n<td>MANGIN<\/td>\n<td>Elisabeth<\/td>\n<td>SOPRANE<\/td>\n<td><a href=\"mailto:jmmangin2@orange.fr\">jmmangin2@orange.fr<\/a><\/td>\n<\/tr>\n<tr>\n<td>MANGIN<\/td>\n<td>Jean-Michel<\/td>\n<td>BASSE<\/td>\n<td><a href=\"mailto:jmmangin2@orange.fr\">jmmangin2@orange.fr<\/a><\/td>\n<\/tr>\n<tr>\n<td>MALVOISIN<\/td>\n<td>Thierry<\/td>\n<td>TENOR<\/td>\n<td><a href=\"mailto:t.malvoisin@orange.fr\">t.malvoisin@orange.fr<\/a><\/td>\n<\/tr>\n<tr>\n<td>MASMONTEIL<\/td>\n<td>Dominique<\/td>\n<td>BASSE<\/td>\n<td><a href=\"mailto:dominique.masmonteil@gmail.com\">dominique.masmonteil@gmail.com<\/a><\/td>\n<\/tr>\n<tr>\n<td>MERCADANTE<\/td>\n<td>Vincenzo<\/td>\n<td>BASSE<\/td>\n<td><a href=\"mailto:v.mercadante@gmail.com\">v.mercadante@gmail.com<\/a><\/td>\n<\/tr>\n<tr>\n<td>MUZERELLE<\/td>\n<td>Michelle<\/td>\n<td>SOPRANE<\/td>\n<td><a href=\"mailto:mmuzerelle@aol.com\">mmuzerelle@aol.com<\/a><\/td>\n<\/tr>\n<tr>\n<td>PA\u00cfTARD<\/td>\n<td>Chantal<\/td>\n<td>ALTI<\/td>\n<td><a href=\"mailto:chantaldeco@msn.com\">chantaldeco@msn.com<\/a><\/td>\n<\/tr>\n<tr>\n<td>PA\u00cfTARD<\/td>\n<td>Hubert<\/td>\n<td>TENOR<\/td>\n<td><a href=\"mailto:hpaitard@hotmail.com\">hpaitard@hotmail.com<\/a><\/td>\n<\/tr>\n<tr>\n<td>PAVY<\/td>\n<td>Herv\u00e9<\/td>\n<td>TENOR<\/td>\n<td><a href=\"mailto:mdpavy@orange.fr\">papidic@orange.fr<\/a><\/td>\n<\/tr>\n<tr>\n<td>ROBERT<\/td>\n<td>Annette<\/td>\n<td>SOPRANE<\/td>\n<td><a href=\"mailto:annette.robert@online.fr\">annette.robert@online.fr<\/a><\/td>\n<\/tr>\n<tr>\n<td>ROSSET<\/td>\n<td>Muriel<\/td>\n<td>SOPRANE<\/td>\n<td><a href=\"mailto:mjb.rosset@gmail.com\">mjb.rosset@gmail.com<\/a><\/td>\n<\/tr>\n<tr>\n<td>ROSSET<\/td>\n<td>Jean-Baptiste<\/td>\n<td>BASSE<\/td>\n<td><a href=\"mailto:mjb.rosset@gmail.com\">mjb.rosset@gmail.com<\/a><\/td>\n<\/tr>\n<tr>\n<td>ROUSSEAU<\/td>\n<td>Anne-Marie<\/td>\n<td>SOPRANE<\/td>\n<td><a href=\"mailto:samrousseau@orange.fr\">samrousseau@orange.fr<\/a><\/td>\n<\/tr>\n<tr>\n<td>VENE<\/td>\n<td>Anne<\/td>\n<td>ALTI<\/td>\n<td><a href=\"mailto:anne.francoisv4@orange.fr\">anne.francoisv4@orange.fr<\/a><\/td>\n<\/tr>\n<tr>\n<td>VEIRAS-ROCH<\/td>\n<td>Sophie<\/td>\n<td>SOPRANE<\/td>\n<td><a href=\"mailto:sophie.veiras@gmail.com\">sophie.veiras@gmail.com<\/a><\/td>\n<\/tr>\n<tr>\n<td>VINCENT<\/td>\n<td>Christophe<\/td>\n<td>CHEF DE CH\u0152UR<\/td>\n<td><a href=\"mailto:valchris.vincent@gmail.com\">valchris.vincent@gmail.com<\/a><\/td>\n<\/tr>\n<tr>\n<td>VOLLAND<\/td>\n<td>Michel<\/td>\n<td>BASSE<\/td>\n<td><a href=\"mailto:michelvolland@wanadoo.fr\">michelvolland@wanadoo.fr<\/a><\/td>\n<\/tr>\n<tr>\n<td>WALLIS<\/td>\n<td>Gilles<\/td>\n<td>TENOR<\/td>\n<td><a href=\"mailto:gilles.canooe@gmail.com\">gilles.canooe@gmail.com<\/a><\/td>\n<\/tr>\n<\/tbody>\n<\/table>\n<div style=\"padding-bottom:20px; padding-top:10px;\" class=\"hupso-share-buttons\"><!-- Hupso Share Buttons - https:\/\/www.hupso.com\/share\/ --><a class=\"hupso_toolbar\" href=\"https:\/\/www.hupso.com\/share\/\"><img decoding=\"async\" src=\"https:\/\/static.hupso.com\/share\/buttons\/lang\/fr\/share-small.png\" style=\"border:0px; padding-top: 5px; float:left;\" alt=\"Share Button\"\/><\/a><script type=\"text\/javascript\">var hupso_services_t=new Array(\"Twitter\",\"Facebook\",\"Google Plus\");var hupso_title_t=\"Partager\";var hupso_background_t=\"#EAF4FF\";var hupso_border_t=\"#66CCFF\";var hupso_toolbar_size_t=\"small\";var hupso_image_folder_url = \"\";var hupso_url_t=\"\";var hupso_title_t=\"Partager\";<\/script><script type=\"text\/javascript\" src=\"https:\/\/static.hupso.com\/share\/js\/share_toolbar.js\"><\/script><!-- Hupso Share Buttons --><\/div>","protected":false},"excerpt":{"rendered":"<p>T\u00e9l\u00e9charger le document complet\u00a0 Trombinoscope Ann\u00e9e 2023 \u2022 2024 mise \u00e0 jour : f\u00e9vrier 2024 Pr\u00e9sident : Vincenzo MERCADANTE \u2013 06 68 33 10 87 Chef de Ch\u0153ur : Christophe VINCENT \u2013 02 72 27 21 99 ALLEGRE Isabelle ALTI&hellip; <\/p>\n<div style=\"padding-bottom:20px; padding-top:10px;\" class=\"hupso-share-buttons\"><!-- Hupso Share Buttons - https:\/\/www.hupso.com\/share\/ --><a class=\"hupso_toolbar\" href=\"https:\/\/www.hupso.com\/share\/\"><img src=\"https:\/\/static.hupso.com\/share\/buttons\/lang\/fr\/share-small.png\" style=\"border:0px; padding-top: 5px; float:left;\" alt=\"Share Button\"\/><\/a><script type=\"text\/javascript\">var hupso_services_t=new Array(\"Twitter\",\"Facebook\",\"Google Plus\");var hupso_title_t=\"Partager\";var hupso_background_t=\"#EAF4FF\";var hupso_border_t=\"#66CCFF\";var hupso_toolbar_size_t=\"small\";var hupso_image_folder_url = \"\";var hupso_url_t=\"\";var hupso_title_t=\"Partager\";<\/script><script type=\"text\/javascript\" src=\"https:\/\/static.hupso.com\/share\/js\/share_toolbar.js\"><\/script><!-- Hupso Share Buttons --><\/div>","protected":false},"author":1,"featured_media":0,"parent":19,"menu_order":0,"comment_status":"closed","ping_status":"closed","template":"","meta":{"footnotes":""},"class_list":["post-312","page","type-page","status-publish","hentry"],"publishpress_future_action":{"enabled":false,"date":"2026-05-21 19:58:33","action":"change-status","newStatus":"draft","terms":[],"taxonomy":""},"publishpress_future_workflow_manual_trigger":{"enabledWorkflows":[]},"_links":{"self":[{"href":"https:\/\/choralineskorholen.org\/index.php\/wp-json\/wp\/v2\/pages\/312","targetHints":{"allow":["GET"]}}],"collection":[{"href":"https:\/\/choralineskorholen.org\/index.php\/wp-json\/wp\/v2\/pages"}],"about":[{"href":"https:\/\/choralineskorholen.org\/index.php\/wp-json\/wp\/v2\/types\/page"}],"author":[{"embeddable":true,"href":"https:\/\/choralineskorholen.org\/index.php\/wp-json\/wp\/v2\/users\/1"}],"replies":[{"embeddable":true,"href":"https:\/\/choralineskorholen.org\/index.php\/wp-json\/wp\/v2\/comments?post=312"}],"version-history":[{"count":0,"href":"https:\/\/choralineskorholen.org\/index.php\/wp-json\/wp\/v2\/pages\/312\/revisions"}],"up":[{"embeddable":true,"href":"https:\/\/choralineskorholen.org\/index.php\/wp-json\/wp\/v2\/pages\/19"}],"wp:attachment":[{"href":"https:\/\/choralineskorholen.org\/index.php\/wp-json\/wp\/v2\/media?parent=312"}],"curies":[{"name":"wp","href":"https:\/\/api.w.org\/{rel}","templated":true}]}}