{"id":314,"date":"2016-11-21T23:20:27","date_gmt":"2016-11-21T22:20:27","guid":{"rendered":"http:\/\/choralineskorholen.org\/?page_id=314"},"modified":"2022-11-24T11:45:22","modified_gmt":"2022-11-24T10:45:22","slug":"comite-dadministration","status":"publish","type":"page","link":"https:\/\/choralineskorholen.org\/index.php\/pour-les-choristes\/comite-dadministration\/","title":{"rendered":"Conseil d&rsquo;administration"},"content":{"rendered":"<ul>\n<li>pr\u00e9sident :<strong> Vincenzo Mercadante<\/strong>\n<ul>\n<li>vice-pr\u00e9sident : <strong>Dominique Masmonteil<\/strong><\/li>\n<\/ul>\n<\/li>\n<li>secr\u00e9taire : <strong>Anne Delepoulle<\/strong><\/li>\n<li>tr\u00e9sori\u00e8re : <strong>Fran\u00e7oise Desnos<\/strong>\n<ul>\n<li>tr\u00e9sori\u00e8re adjointe : <strong>Isabelle All\u00e8gre<\/strong><\/li>\n<\/ul>\n<\/li>\n<li>documentalistes : <strong>Michelle Lecarpentier &#8211; Alain Kubick\u00e9<\/strong><\/li>\n<li>Communication et chants : <strong>Bernadette H\u00e9naux &#8211; Thierry Malvoisin<\/strong><\/li>\n<\/ul>\n<div style=\"padding-bottom:20px; padding-top:10px;\" class=\"hupso-share-buttons\"><!-- Hupso Share Buttons - https:\/\/www.hupso.com\/share\/ --><a class=\"hupso_toolbar\" href=\"https:\/\/www.hupso.com\/share\/\"><img decoding=\"async\" src=\"https:\/\/static.hupso.com\/share\/buttons\/lang\/fr\/share-small.png\" style=\"border:0px; padding-top: 5px; float:left;\" alt=\"Share Button\"\/><\/a><script type=\"text\/javascript\">var hupso_services_t=new Array(\"Twitter\",\"Facebook\",\"Google Plus\");var hupso_title_t=\"Partager\";var hupso_background_t=\"#EAF4FF\";var hupso_border_t=\"#66CCFF\";var hupso_toolbar_size_t=\"small\";var hupso_image_folder_url = \"\";var hupso_url_t=\"\";var hupso_title_t=\"Partager\";<\/script><script type=\"text\/javascript\" src=\"https:\/\/static.hupso.com\/share\/js\/share_toolbar.js\"><\/script><!-- Hupso Share Buttons --><\/div>","protected":false},"excerpt":{"rendered":"<p>pr\u00e9sident : Vincenzo Mercadante vice-pr\u00e9sident : Dominique Masmonteil secr\u00e9taire : Anne Delepoulle tr\u00e9sori\u00e8re : Fran\u00e7oise Desnos tr\u00e9sori\u00e8re adjointe : Isabelle All\u00e8gre documentalistes : Michelle Lecarpentier &#8211; Alain Kubick\u00e9 Communication et chants : Bernadette H\u00e9naux &#8211; Thierry Malvoisin<\/p>\n<div style=\"padding-bottom:20px; padding-top:10px;\" class=\"hupso-share-buttons\"><!-- Hupso Share Buttons - https:\/\/www.hupso.com\/share\/ --><a class=\"hupso_toolbar\" href=\"https:\/\/www.hupso.com\/share\/\"><img src=\"https:\/\/static.hupso.com\/share\/buttons\/lang\/fr\/share-small.png\" style=\"border:0px; padding-top: 5px; float:left;\" alt=\"Share Button\"\/><\/a><script type=\"text\/javascript\">var hupso_services_t=new Array(\"Twitter\",\"Facebook\",\"Google Plus\");var hupso_title_t=\"Partager\";var hupso_background_t=\"#EAF4FF\";var hupso_border_t=\"#66CCFF\";var hupso_toolbar_size_t=\"small\";var hupso_image_folder_url = \"\";var hupso_url_t=\"\";var hupso_title_t=\"Partager\";<\/script><script type=\"text\/javascript\" src=\"https:\/\/static.hupso.com\/share\/js\/share_toolbar.js\"><\/script><!-- Hupso Share Buttons --><\/div>","protected":false},"author":1,"featured_media":0,"parent":19,"menu_order":0,"comment_status":"closed","ping_status":"closed","template":"","meta":{"footnotes":""},"class_list":["post-314","page","type-page","status-publish","hentry"],"publishpress_future_action":{"enabled":false,"date":"2026-05-22 15:22:44","action":"change-status","newStatus":"draft","terms":[],"taxonomy":""},"publishpress_future_workflow_manual_trigger":{"enabledWorkflows":[]},"_links":{"self":[{"href":"https:\/\/choralineskorholen.org\/index.php\/wp-json\/wp\/v2\/pages\/314","targetHints":{"allow":["GET"]}}],"collection":[{"href":"https:\/\/choralineskorholen.org\/index.php\/wp-json\/wp\/v2\/pages"}],"about":[{"href":"https:\/\/choralineskorholen.org\/index.php\/wp-json\/wp\/v2\/types\/page"}],"author":[{"embeddable":true,"href":"https:\/\/choralineskorholen.org\/index.php\/wp-json\/wp\/v2\/users\/1"}],"replies":[{"embeddable":true,"href":"https:\/\/choralineskorholen.org\/index.php\/wp-json\/wp\/v2\/comments?post=314"}],"version-history":[{"count":0,"href":"https:\/\/choralineskorholen.org\/index.php\/wp-json\/wp\/v2\/pages\/314\/revisions"}],"up":[{"embeddable":true,"href":"https:\/\/choralineskorholen.org\/index.php\/wp-json\/wp\/v2\/pages\/19"}],"wp:attachment":[{"href":"https:\/\/choralineskorholen.org\/index.php\/wp-json\/wp\/v2\/media?parent=314"}],"curies":[{"name":"wp","href":"https:\/\/api.w.org\/{rel}","templated":true}]}}